{"id":76,"date":"2021-04-08T20:13:58","date_gmt":"2021-04-08T17:13:58","guid":{"rendered":"http:\/\/puutarha.sampelt.fi\/?page_id=76"},"modified":"2021-04-08T20:24:48","modified_gmt":"2021-04-08T17:24:48","slug":"etusivu","status":"publish","type":"page","link":"https:\/\/puutarha.sampelt.fi\/","title":{"rendered":"Etusivu"},"content":{"rendered":"\n\n\tTervetuloa sivuilleni.\u00a0 N\u00e4ill\u00e4 sivuilla kerron puutarhamme tapahtumista.<br \/>\nSivut ovat yksityiseen k\u00e4ytt\u00f6\u00f6n enk\u00e4 anna lupaa lainata tai kopioida kuvia n\u00e4ilt\u00e4 sivuilta.\n\t\t\t\t<a href=\"http:\/\/puutarha.sampelt.fi\/index.php\/2021\/04\/08\/kasvihuoneen-kennolevyjen-vaihto\/\" target=\"_self\" itemprop=\"url\" rel=\"noopener\">\n\t\t\t\t<img decoding=\"async\" loading=\"lazy\" src=\"http:\/\/puutarha.sampelt.fi\/wp-content\/uploads\/2021\/04\/2021-04-08-11.08.16-Medium.jpg\" alt=\"2021-04-08 11.08.16 (Medium)\" itemprop=\"image\" height=\"768\" width=\"1365\" title=\"2021-04-08 11.08.16 (Medium)\" onerror=\"this.style.display='none'\"  \/>\n\t\t\t\t<\/a>\n\t\t\t\t<a href=\"http:\/\/puutarha.sampelt.fi\/index.php\/2021\/04\/07\/kevaan-siemenet-2021\/\" target=\"_self\" itemprop=\"url\" rel=\"noopener\">\n\t\t\t\t<img decoding=\"async\" loading=\"lazy\" src=\"http:\/\/puutarha.sampelt.fi\/wp-content\/uploads\/2021\/04\/2021-04-08-19.31.35-Medium.jpg\" alt=\"2021-04-08 19.31.35 (Medium)\" itemprop=\"image\" height=\"768\" width=\"1365\" title=\"2021-04-08 19.31.35 (Medium)\" onerror=\"this.style.display='none'\"  \/>\n\t\t\t\t<\/a>\n\t\t\t\t<a href=\"http:\/\/puutarha.sampelt.fi\/index.php\/2021\/04\/08\/jalostuspihdit\/\" target=\"_self\" itemprop=\"url\" rel=\"noopener\">\n\t\t\t\t<img decoding=\"async\" loading=\"lazy\" src=\"http:\/\/puutarha.sampelt.fi\/wp-content\/uploads\/2021\/04\/jalostuspihdit.jpg\" alt=\"jalostuspihdit\" itemprop=\"image\" height=\"1000\" width=\"1000\" title=\"jalostuspihdit\" onerror=\"this.style.display='none'\"  \/>\n\t\t\t\t<\/a>\n\t\t\t\t<a href=\"http:\/\/puutarha.sampelt.fi\/index.php\/puutarhastamme\/\" target=\"_self\" itemprop=\"url\" rel=\"noopener\">\n\t\t\t\t<img decoding=\"async\" loading=\"lazy\" src=\"http:\/\/puutarha.sampelt.fi\/wp-content\/uploads\/2021\/04\/Puutarha_5.4.2021.png\" alt=\"Puutarha_5.4.2021\" itemprop=\"image\" height=\"845\" width=\"1377\" title=\"Puutarha_5.4.2021\" onerror=\"this.style.display='none'\"  \/>\n\t\t\t\t<\/a>\n\n","protected":false},"excerpt":{"rendered":"<p>Tervetuloa sivuilleni.\u00a0 N\u00e4ill\u00e4 sivuilla kerron puutarhamme tapahtumista. Sivut ovat yksityiseen k\u00e4ytt\u00f6\u00f6n enk\u00e4 anna lupaa lainata tai kopioida kuvia n\u00e4ilt\u00e4 sivuilta.<\/p>\n","protected":false},"author":1,"featured_media":0,"parent":0,"menu_order":0,"comment_status":"closed","ping_status":"closed","template":"","meta":[],"_links":{"self":[{"href":"https:\/\/puutarha.sampelt.fi\/index.php\/wp-json\/wp\/v2\/pages\/76"}],"collection":[{"href":"https:\/\/puutarha.sampelt.fi\/index.php\/wp-json\/wp\/v2\/pages"}],"about":[{"href":"https:\/\/puutarha.sampelt.fi\/index.php\/wp-json\/wp\/v2\/types\/page"}],"author":[{"embeddable":true,"href":"https:\/\/puutarha.sampelt.fi\/index.php\/wp-json\/wp\/v2\/users\/1"}],"replies":[{"embeddable":true,"href":"https:\/\/puutarha.sampelt.fi\/index.php\/wp-json\/wp\/v2\/comments?post=76"}],"version-history":[{"count":3,"href":"https:\/\/puutarha.sampelt.fi\/index.php\/wp-json\/wp\/v2\/pages\/76\/revisions"}],"predecessor-version":[{"id":81,"href":"https:\/\/puutarha.sampelt.fi\/index.php\/wp-json\/wp\/v2\/pages\/76\/revisions\/81"}],"wp:attachment":[{"href":"https:\/\/puutarha.sampelt.fi\/index.php\/wp-json\/wp\/v2\/media?parent=76"}],"curies":[{"name":"wp","href":"https:\/\/api.w.org\/{rel}","templated":true}]}}