{"id":66,"date":"2021-04-08T19:57:37","date_gmt":"2021-04-08T16:57:37","guid":{"rendered":"http:\/\/puutarha.sampelt.fi\/?page_id=66"},"modified":"2021-04-08T20:09:41","modified_gmt":"2021-04-08T17:09:41","slug":"kasvukausi-2021","status":"publish","type":"page","link":"https:\/\/puutarha.sampelt.fi\/index.php\/kasvukausi-2021\/","title":{"rendered":"Kasvukausi 2021"},"content":{"rendered":"<p>T\u00e4ss\u00e4 puutarhamme tapahtumia kasvukaudella 2021.<\/p>\n<p>Vasemmalla on lista blogi -kirjoituksista aikaj\u00e4rjestyksess\u00e4\u00a0 &#8211;&gt;<\/p>\n<p>&nbsp;<\/p>\n","protected":false},"excerpt":{"rendered":"<p>T\u00e4ss\u00e4 puutarhamme tapahtumia kasvukaudella 2021. Vasemmalla on lista blogi -kirjoituksista aikaj\u00e4rjestyksess\u00e4\u00a0 &#8211;&gt; &nbsp;<\/p>\n","protected":false},"author":1,"featured_media":0,"parent":0,"menu_order":0,"comment_status":"closed","ping_status":"closed","template":"","meta":[],"_links":{"self":[{"href":"https:\/\/puutarha.sampelt.fi\/index.php\/wp-json\/wp\/v2\/pages\/66"}],"collection":[{"href":"https:\/\/puutarha.sampelt.fi\/index.php\/wp-json\/wp\/v2\/pages"}],"about":[{"href":"https:\/\/puutarha.sampelt.fi\/index.php\/wp-json\/wp\/v2\/types\/page"}],"author":[{"embeddable":true,"href":"https:\/\/puutarha.sampelt.fi\/index.php\/wp-json\/wp\/v2\/users\/1"}],"replies":[{"embeddable":true,"href":"https:\/\/puutarha.sampelt.fi\/index.php\/wp-json\/wp\/v2\/comments?post=66"}],"version-history":[{"count":2,"href":"https:\/\/puutarha.sampelt.fi\/index.php\/wp-json\/wp\/v2\/pages\/66\/revisions"}],"predecessor-version":[{"id":71,"href":"https:\/\/puutarha.sampelt.fi\/index.php\/wp-json\/wp\/v2\/pages\/66\/revisions\/71"}],"wp:attachment":[{"href":"https:\/\/puutarha.sampelt.fi\/index.php\/wp-json\/wp\/v2\/media?parent=66"}],"curies":[{"name":"wp","href":"https:\/\/api.w.org\/{rel}","templated":true}]}}