{"id":58,"date":"2021-04-08T19:52:59","date_gmt":"2021-04-08T16:52:59","guid":{"rendered":"http:\/\/puutarha.sampelt.fi\/?page_id=58"},"modified":"2021-05-19T16:09:21","modified_gmt":"2021-05-19T13:09:21","slug":"puutarhastamme","status":"publish","type":"page","link":"https:\/\/puutarha.sampelt.fi\/index.php\/puutarhastamme\/","title":{"rendered":"Puutarhastamme"},"content":{"rendered":"<p>T\u00e4ss\u00e4 kerron hieman puutarhastamme. T\u00e4m\u00e4 teksti on osittain vanhasta puutarhablogistani ja p\u00e4ivit\u00e4n t\u00e4ss\u00e4 nyt tietoja samalla.<\/p>\n<p>Omakotitalomme tontti on 3000m\u00b2 josta Tielaitos lunasti joitakin vuosia sitten n. 200m2. T\u00e4m\u00e4 lunastettukin alue on k\u00e4ytett\u00e4viss\u00e4mme ja my\u00f6s puut alueella ovat meid\u00e4n omia. Tontista suurin osa on nurmikkoa.<\/p>\n<p><img decoding=\"async\" loading=\"lazy\" class=\"alignnone size-full wp-image-60\" src=\"http:\/\/puutarha.sampelt.fi\/wp-content\/uploads\/2021\/04\/kuva-talon-katolta-puutarhaan-2009.jpg\" alt=\"\" width=\"600\" height=\"342\" srcset=\"https:\/\/puutarha.sampelt.fi\/wp-content\/uploads\/2021\/04\/kuva-talon-katolta-puutarhaan-2009.jpg 600w, https:\/\/puutarha.sampelt.fi\/wp-content\/uploads\/2021\/04\/kuva-talon-katolta-puutarhaan-2009-300x171.jpg 300w\" sizes=\"(max-width: 600px) 100vw, 600px\" \/><br \/>\nT\u00e4ss\u00e4 n\u00e4kyy talon katolta otettu kuva puutarhaan, kuva vuodelta 2009. Kuvassa n\u00e4kyv\u00e4 naapurin kesantopeltoalue on ollut nyt jo vuosia viljelem\u00e4tt\u00e4.<\/p>\n<p>Puutarhamme maa on heikkolaatuista savi\/silttimaata, mutta hiekkaa ja turvetta lis\u00e4\u00e4m\u00e4ll\u00e4 siin\u00e4 jotain kasvaa. Ostomultaa lis\u00e4\u00e4m\u00e4ll\u00e4 on saatu puita ja pensaitakin kasvamaan.<\/p>\n<p>Loppu osa tonttia on hiekkaapohjaista nurmikkoa ja piha-aluetta. Hiekkaa on ilmeisesti useiden metrien paksuudelta, p\u00e4\u00e4ll\u00e4 on vain 10-15cm multaa jossa tuo nurmi kasvaa.<\/p>\n<p>Kuvassa n\u00e4kyy viel\u00e4 vanha rakennusmuovista tehty kasvihuone, sen kanssa tuli harjoiteltua, sitten my\u00f6hemmin 2010 rakensin uuden kasvihuoneen.<\/p>\n<p><img decoding=\"async\" loading=\"lazy\" class=\"alignnone wp-image-59\" src=\"http:\/\/puutarha.sampelt.fi\/wp-content\/uploads\/2021\/04\/20150703_222218-Medium-1024x576-1.jpg\" alt=\"\" width=\"600\" height=\"338\" srcset=\"https:\/\/puutarha.sampelt.fi\/wp-content\/uploads\/2021\/04\/20150703_222218-Medium-1024x576-1.jpg 1024w, https:\/\/puutarha.sampelt.fi\/wp-content\/uploads\/2021\/04\/20150703_222218-Medium-1024x576-1-300x169.jpg 300w, https:\/\/puutarha.sampelt.fi\/wp-content\/uploads\/2021\/04\/20150703_222218-Medium-1024x576-1-768x432.jpg 768w, https:\/\/puutarha.sampelt.fi\/wp-content\/uploads\/2021\/04\/20150703_222218-Medium-1024x576-1-528x297.jpg 528w\" sizes=\"(max-width: 600px) 100vw, 600px\" \/><\/p>\n<p>T\u00e4ss\u00e4 kuvassa hieman uudempi kes\u00e4ll\u00e4 2015 otettu kuva.\u00a0 Uusi suurempi muovikasvihuone, huvimaja ja vasemmalla n\u00e4kyv\u00e4 tontin pohjoisnurkkakin on otettu k\u00e4ytt\u00f6\u00f6n. Pohjoisnurkassa erottuu mansikkamaa ja se on verkotettu lintujen ja varsinkin peura\/kauri -el\u00e4imien vuoksi.\u00a0 Ne ovat t\u00e4ysi riesa t\u00e4\u00e4ll\u00e4 ja mets\u00e4stysseurat ei n\u00e4yt\u00e4 saavan sit\u00e4 populaatiota edes hillitty\u00e4.<\/p>\n<p>&nbsp;<\/p>\n<p><img decoding=\"async\" loading=\"lazy\" class=\"alignnone wp-image-61\" src=\"http:\/\/puutarha.sampelt.fi\/wp-content\/uploads\/2021\/04\/Puutarha_5.4.2021.png\" alt=\"\" width=\"600\" height=\"368\" srcset=\"https:\/\/puutarha.sampelt.fi\/wp-content\/uploads\/2021\/04\/Puutarha_5.4.2021.png 1377w, https:\/\/puutarha.sampelt.fi\/wp-content\/uploads\/2021\/04\/Puutarha_5.4.2021-300x184.png 300w, https:\/\/puutarha.sampelt.fi\/wp-content\/uploads\/2021\/04\/Puutarha_5.4.2021-1024x628.png 1024w, https:\/\/puutarha.sampelt.fi\/wp-content\/uploads\/2021\/04\/Puutarha_5.4.2021-768x471.png 768w, https:\/\/puutarha.sampelt.fi\/wp-content\/uploads\/2021\/04\/Puutarha_5.4.2021-570x350.png 570w\" sizes=\"(max-width: 600px) 100vw, 600px\" \/><br \/>\nT\u00e4m\u00e4 kuva huhtikuun alusta vuodelta 2021.<br \/>\nJatkoin isompaa kasvihuonetta kes\u00e4ll\u00e4 2020 ja laitoin siihen my\u00f6s uuden muovin. Vanha muovi ehti olemaan siis 2010-2020 joten varsin pitk\u00e4\u00e4n se kesti.<\/p>\n<p>Nykyinen kasvihuone on ~14m pitk\u00e4 ja leveytt\u00e4 ~4m.<\/p>\n","protected":false},"excerpt":{"rendered":"<p>T\u00e4ss\u00e4 kerron hieman puutarhastamme. T\u00e4m\u00e4 teksti on osittain vanhasta puutarhablogistani ja p\u00e4ivit\u00e4n t\u00e4ss\u00e4 nyt tietoja samalla. Omakotitalomme tontti on 3000m\u00b2 josta Tielaitos lunasti joitakin vuosia sitten n. 200m2. T\u00e4m\u00e4 lunastettukin alue on k\u00e4ytett\u00e4viss\u00e4mme ja my\u00f6s puut alueella ovat meid\u00e4n omia. Tontista suurin osa on nurmikkoa. T\u00e4ss\u00e4 n\u00e4kyy talon katolta otettu kuva puutarhaan, kuva vuodelta 2009. [&hellip;]<\/p>\n","protected":false},"author":1,"featured_media":0,"parent":0,"menu_order":0,"comment_status":"closed","ping_status":"closed","template":"","meta":[],"_links":{"self":[{"href":"https:\/\/puutarha.sampelt.fi\/index.php\/wp-json\/wp\/v2\/pages\/58"}],"collection":[{"href":"https:\/\/puutarha.sampelt.fi\/index.php\/wp-json\/wp\/v2\/pages"}],"about":[{"href":"https:\/\/puutarha.sampelt.fi\/index.php\/wp-json\/wp\/v2\/types\/page"}],"author":[{"embeddable":true,"href":"https:\/\/puutarha.sampelt.fi\/index.php\/wp-json\/wp\/v2\/users\/1"}],"replies":[{"embeddable":true,"href":"https:\/\/puutarha.sampelt.fi\/index.php\/wp-json\/wp\/v2\/comments?post=58"}],"version-history":[{"count":4,"href":"https:\/\/puutarha.sampelt.fi\/index.php\/wp-json\/wp\/v2\/pages\/58\/revisions"}],"predecessor-version":[{"id":145,"href":"https:\/\/puutarha.sampelt.fi\/index.php\/wp-json\/wp\/v2\/pages\/58\/revisions\/145"}],"wp:attachment":[{"href":"https:\/\/puutarha.sampelt.fi\/index.php\/wp-json\/wp\/v2\/media?parent=58"}],"curies":[{"name":"wp","href":"https:\/\/api.w.org\/{rel}","templated":true}]}}